{"id":2974,"date":"2020-08-06T15:13:09","date_gmt":"2020-08-06T15:13:09","guid":{"rendered":"https:\/\/hotelcity.ch\/?page_id=2974"},"modified":"2026-03-31T08:18:36","modified_gmt":"2026-03-31T08:18:36","slug":"imprint","status":"publish","type":"page","link":"https:\/\/hotelcity.ch\/en\/imprint\/","title":{"rendered":"Imprint"},"content":{"rendered":"\n\n<p id=\"block_5f2af3d5a698a\" class=\"c-title c-title--36 text-color-header text- normal-case text-left  \" >\n    <\/p>\n\n\n\n\n<p id=\"block_5f2af3e7a698b\" class=\"c-title c-title--36 text-color-header text- normal-case text-center  \"  data-aos=\"fade\" data-aos-easing=\"ease-in-out\" data-aos-duration=\"600\" data-aos-delay=\"0\" data-aos-offset=\"200\" >\n  IMPRINT  <style>#block_5f2af3e7a698b { margin-top: 30px; margin-bottom: 24px;  } @media (min-width: 768px) { #block_5f2af3e7a698b { margin-top: 45px; margin-bottom: 36px;  }} @media (min-width: 992px) { #block_5f2af3e7a698b { margin-top: 60px; margin-bottom: 48px;  }} @media (min-width: 1200px) { #block_5f2af3e7a698b { margin-top: 67.5px; margin-bottom: 54px;  }} @media (min-width: 1500px) { #block_5f2af3e7a698b { margin-top: 75px; margin-bottom: 60px;  }} <\/style><\/p>\n\n\n\n<p class=\"has-text-align-center\">Registered Company Name<br>Hotel City L\u00f6wen AG<\/p>\n\n\n\n<p class=\"has-text-align-center\">Name &amp; surname of responsible person<br>Stephan Knubel<\/p>\n\n\n\n<p class=\"has-text-align-center\">Complete address:<br>L\u00f6wenstrasse 34, 8001 Z\u00fcrich, Schweiz<\/p>\n\n\n\n<p class=\"has-text-align-center\">E-Mail<br>&#104;&#x6f;t&#x65;&#x6c;&#99;&#x69;t&#121;&#x40;&#104;&#x6f;t&#101;&#x6c;c&#x69;t&#121;&#x2e;c&#x68;<\/p>\n\n\n\n<p class=\"has-text-align-center\">Legal form:<br>Aktiengesellschaft<\/p>\n\n\n\n<p class=\"has-text-align-center\">Phonenumber:<br>+41 44 217 17 17 \/ +41 44 217 17 18<\/p>\n\n\n\n<p class=\"has-text-align-center\">Tax identification number:<br>CHE-101.301.404<\/p>\n","protected":false},"excerpt":{"rendered":"<p>Registered Company NameHotel City L\u00f6wen AG Name &amp; surname of responsible personStephan Knubel Complete address:L\u00f6wenstrasse 34, 8001 Z\u00fcrich, Schweiz E-Mail&#104;&#x6f;&#116;&#x65;l&#99;&#x69;&#116;&#x79;&#64;&#x68;o&#116;&#x65;&#108;&#x63;i&#x74;&#x79;&#46;&#x63;h Legal form:Aktiengesellschaft Phonenumber:+41 44 217 17 17 \/ +41 44 217 17 18 Tax identification number:CHE-101.301.404<\/p>\n","protected":false},"author":2,"featured_media":0,"parent":0,"menu_order":0,"comment_status":"closed","ping_status":"closed","template":"","meta":{"_acf_changed":false,"_seopress_robots_primary_cat":"","_seopress_titles_title":"%%post_title%% %%sep%% %%sitetitle%% ***Superior Boutique Hotel","_seopress_titles_desc":"Imprint - Registered Company Name Hotel City L\u00f6wen AG, Name & surname of responsible person Stephan Knubel, Complete address: L\u00f6wenstrasse 34, 8001 Z\u00fcrich, Schweiz, E-Mail: hotelcity@hotelcity.ch","_seopress_robots_index":"","footnotes":""},"acf":[],"_links":{"self":[{"href":"https:\/\/hotelcity.ch\/en\/wp-json\/wp\/v2\/pages\/2974"}],"collection":[{"href":"https:\/\/hotelcity.ch\/en\/wp-json\/wp\/v2\/pages"}],"about":[{"href":"https:\/\/hotelcity.ch\/en\/wp-json\/wp\/v2\/types\/page"}],"author":[{"embeddable":true,"href":"https:\/\/hotelcity.ch\/en\/wp-json\/wp\/v2\/users\/2"}],"replies":[{"embeddable":true,"href":"https:\/\/hotelcity.ch\/en\/wp-json\/wp\/v2\/comments?post=2974"}],"version-history":[{"count":1,"href":"https:\/\/hotelcity.ch\/en\/wp-json\/wp\/v2\/pages\/2974\/revisions"}],"predecessor-version":[{"id":6762,"href":"https:\/\/hotelcity.ch\/en\/wp-json\/wp\/v2\/pages\/2974\/revisions\/6762"}],"wp:attachment":[{"href":"https:\/\/hotelcity.ch\/en\/wp-json\/wp\/v2\/media?parent=2974"}],"curies":[{"name":"wp","href":"https:\/\/api.w.org\/{rel}","templated":true}]}}